{"id":1141,"date":"2022-08-01T13:41:30","date_gmt":"2022-08-01T11:41:30","guid":{"rendered":"https:\/\/sineca.com\/?page_id=1141"},"modified":"2023-03-02T16:47:03","modified_gmt":"2023-03-02T15:47:03","slug":"nos-services","status":"publish","type":"page","link":"https:\/\/sineca.com\/fr\/nos-services\/","title":{"rendered":"[Client] SINECA, nos services"},"content":{"rendered":"<p>[et_pb_section fb_built=&#8221;1&#8243; custom_padding_last_edited=&#8221;on|tablet&#8221; module_id=&#8221;next&#8221; _builder_version=&#8221;4.17.6&#8243; _module_preset=&#8221;default&#8221; custom_margin=&#8221;0px|0px|0px|0px|false|false&#8221; custom_padding=&#8221;7vw|0px|7vw|0px|false|false&#8221; custom_padding_tablet=&#8221;0vw|0px|10vw|0px|false|false&#8221; custom_padding_phone=&#8221;7.5vw||15vw||false|false&#8221; locked=&#8221;off&#8221; global_colors_info=&#8221;{}&#8221;][et_pb_row column_structure=&#8221;1_2,1_2&#8243; use_custom_gutter=&#8221;on&#8221; make_equal=&#8221;on&#8221; custom_padding_last_edited=&#8221;on|tablet&#8221; _builder_version=&#8221;4.17.6&#8243; _module_preset=&#8221;default&#8221; width=&#8221;100%&#8221; max_width=&#8221;100%&#8221; custom_margin=&#8221;0px|0px|0px|0px|false|false&#8221; custom_padding=&#8221;0px|15vw|0px|15vw|false|true&#8221; custom_padding_tablet=&#8221;|5vw||5vw|false|true&#8221; custom_padding_phone=&#8221;|2.5vw||2.5vw|false|true&#8221; animation_style=&#8221;fade&#8221; global_colors_info=&#8221;{}&#8221;][et_pb_column type=&#8221;1_2&#8243; _builder_version=&#8221;4.17.6&#8243; _module_preset=&#8221;default&#8221; custom_css_main_element=&#8221;display: flex;||flex-direction: column;||justify-content: center;&#8221; global_colors_info=&#8221;{}&#8221;][et_pb_text content_tablet=&#8221;<\/p>\n<h1 style=%22margin-top: 0vw; margin-bottom: 0.5vw;%22>NOS SERVICES<\/h1>\n<p><strong>Notre processus interne de gestion des projets et de la consultance offre la possibilit\u00e9 \u00e0 nos collaborateurs de v\u00e9rifier la qualit\u00e9 de ce que nous produisons : du document technique \u00e0 la solution logicielle.<\/strong><\/p>\n<h3>Consultance<\/h3>\n<p>Nous mettons \u00e0 votre disposition nos collaborateurs qualifi\u00e9s afin qu\u2019ils s\u2019adaptent \u00e0 vos besoins et votre organisation. Vous d\u00e9finissez l\u2019\u00e9tendue du projet ainsi que l\u2019organisation du travail directement avec notre consultant. <a href=%22\/contact\/%22>Un besoin de consultance ? Contactez-nous !<\/a><\/p>\n<h3>Projets<\/h3>\n<p>Nous r\u00e9alisons vos projets industriels de A \u00e0 Z. Comment travaillons-nous ? <a href=%22\/notre-methodologie\/%22>D\u00e9couvrez notre m\u00e9thodologie.<\/a><\/p>\n<h3>Support<\/h3>\n<p>Nous proposons un service de garde o\u00f9 nos collaborateurs sont accessibles 24h\/24 pour vous d\u00e9panner ou r\u00e9soudre un probl\u00e8me li\u00e9 au fonctionnement de vos installations.<\/p>\n<p style=%22background-color: #ededed; padding: 2.5vw; border-radius: 1vw;%22><strong>Le + :<\/strong> la r\u00e9activit\u00e9 et la connaissance des produits par nos collaborateurs. Nous venons renforcer les comp\u00e9tences de votre organisation.<\/p>\n<p>&#8221; content_phone=&#8221;<\/p>\n<h1 style=%22margin-top: 0vw; margin-bottom: 0.5vw;%22>NOS SERVICES<\/h1>\n<p><strong>Notre processus interne de gestion des projets et de la consultance offre la possibilit\u00e9 \u00e0 nos collaborateurs de v\u00e9rifier la qualit\u00e9 de ce que nous produisons : du document technique \u00e0 la solution logicielle.<\/strong><\/p>\n<h3>Consultance<\/h3>\n<p>Nous mettons \u00e0 votre disposition nos collaborateurs qualifi\u00e9s afin qu\u2019ils s\u2019adaptent \u00e0 vos besoins et votre organisation. Vous d\u00e9finissez l\u2019\u00e9tendue du projet ainsi que l\u2019organisation du travail directement avec notre consultant. <a href=%22\/contact\/%22>Un besoin de consultance ? Contactez-nous !<\/a><\/p>\n<h3>Projets<\/h3>\n<p>Nous r\u00e9alisons vos projets industriels de A \u00e0 Z. Comment travaillons-nous ? <a href=%22\/notre-methodologie\/%22>D\u00e9couvrez notre m\u00e9thodologie.<\/a><\/p>\n<h3>Support<\/h3>\n<p>Nous proposons un service de garde o\u00f9 nos collaborateurs sont accessibles 24h\/24 pour vous d\u00e9panner ou r\u00e9soudre un probl\u00e8me li\u00e9 au fonctionnement de vos installations.<\/p>\n<p style=%22background-color: #ededed; padding: 5vw; border-radius: 4vw;%22><strong>Le + :<\/strong> la r\u00e9activit\u00e9 et la connaissance des produits par nos collaborateurs. Nous venons renforcer les comp\u00e9tences de votre organisation.<\/p>\n<p>&#8221; content_last_edited=&#8221;off|desktop&#8221; _builder_version=&#8221;4.18.0&#8243; _module_preset=&#8221;default&#8221; text_text_color=&#8221;#000000&#8243; text_font_size=&#8221;18px&#8221; text_line_height=&#8221;1.5em&#8221; link_text_color=&#8221;#49A5DF&#8221; header_text_color=&#8221;#000000&#8243; header_font_size=&#8221;50px&#8221; header_2_font=&#8221;||||||||&#8221; header_2_text_color=&#8221;#000000&#8243; header_2_font_size=&#8221;50px&#8221; header_3_font=&#8221;|||on|||||&#8221; header_3_text_color=&#8221;#0A1D85&#8243; header_3_font_size=&#8221;25px&#8221; header_5_font=&#8221;|||on|||||&#8221; header_5_text_color=&#8221;#0A1D85&#8243; header_5_font_size=&#8221;1.1vw&#8221; header_6_text_color=&#8221;#ffffff&#8221; header_6_font_size=&#8221;20px&#8221; header_6_line_height=&#8221;1.4em&#8221; custom_margin=&#8221;0px|0px|0px|0px|false|false&#8221; custom_padding=&#8221;0px|0px|0px|0px|false|false&#8221; custom_padding_tablet=&#8221;10vw|5vw|0px|5vw|false|false&#8221; custom_padding_phone=&#8221;10vw|5vw|0px|5vw|false|false&#8221; custom_padding_last_edited=&#8221;on|tablet&#8221; animation_style=&#8221;fade&#8221; hover_enabled=&#8221;0&#8243; link_text_color_last_edited=&#8221;off|desktop&#8221; header_font_size_tablet=&#8221;50px&#8221; header_font_size_phone=&#8221;35px&#8221; header_font_size_last_edited=&#8221;on|phone&#8221; header_2_font_size_tablet=&#8221;50px&#8221; header_2_font_size_phone=&#8221;40px&#8221; header_2_font_size_last_edited=&#8221;on|phone&#8221; header_5_font_size_tablet=&#8221;2.5vw&#8221; header_5_font_size_phone=&#8221;3.5vw&#8221; header_5_font_size_last_edited=&#8221;on|tablet&#8221; global_colors_info=&#8221;{}&#8221; link_text_color__hover_enabled=&#8221;on|hover&#8221; link_text_color__hover=&#8221;#87C0E8&#8243; sticky_enabled=&#8221;0&#8243;]<\/p>\n<h1 style=\"margin-top: 0vw; margin-bottom: 0.5vw;\">NOS SERVICES<\/h1>\n<p><strong>Nous offrons aux clients industriels un panel de services pouvant se combiner selon vos besoins. Notre processus interne de gestion des projets et de la consultance offre la possibilit\u00e9 \u00e0 nos collaborateurs de v\u00e9rifier la qualit\u00e9 de ce que nous produisons : du document technique \u00e0 la solution logicielle.<\/strong><\/p>\n<h3>Consultance<\/h3>\n<p>Nous mettons \u00e0 votre disposition nos collaborateurs qualifi\u00e9s afin qu\u2019ils s\u2019adaptent \u00e0 vos besoins et votre organisation. Vous d\u00e9finissez l\u2019\u00e9tendue du projet ainsi que l\u2019organisation du travail directement avec notre consultant.<br \/><a href=\"https:\/\/sineca.com\/fr\/contactez-nous\/\" title=\"Contactez nous\">Un besoin de consultance\u00a0? Contactez-nous\u00a0!<\/a><\/p>\n<h3>Projets<\/h3>\n<p>Nous r\u00e9alisons vos projets industriels de A \u00e0 Z. Comment travaillons-nous\u00a0?<br \/><a href=\"\/notre-methodologie\/\">D\u00e9couvrez notre m\u00e9thodologie.<\/a><\/p>\n<h3>Support<\/h3>\n<p>Nous proposons un service de garde o\u00f9 nos collaborateurs sont accessibles 24h\/24 pour vous d\u00e9panner ou r\u00e9soudre un probl\u00e8me li\u00e9 au fonctionnement de vos installations.<\/p>\n<p style=\"background-color: #ededed; padding: 1vw; border-radius: 1vw;\"><strong>Le +\u00a0:<\/strong> la r\u00e9activit\u00e9 et la connaissance des produits par nos collaborateurs. Nous venons renforcer les comp\u00e9tences de votre organisation.<\/p>\n<p>[\/et_pb_text][\/et_pb_column][et_pb_column type=&#8221;1_2&#8243; _builder_version=&#8221;4.17.6&#8243; _module_preset=&#8221;default&#8221; background_color=&#8221;RGBA(255,255,255,0)&#8221; custom_css_main_element=&#8221;display: flex;||flex-direction: column;||justify-content: center;&#8221; border_radii_phone=&#8221;on|4vw|4vw|4vw|4vw&#8221; border_radii_last_edited=&#8221;off|desktop&#8221; global_colors_info=&#8221;{}&#8221;][et_pb_image src=&#8221;https:\/\/sineca.com\/wp-content\/uploads\/2022\/05\/nos-services-4.svg&#8221; alt=&#8221;SINECA, nos services&#8221; title_text=&#8221;SINECA, nos services&#8221; force_fullwidth=&#8221;on&#8221; _builder_version=&#8221;4.18.0&#8243; _module_preset=&#8221;default&#8221; custom_padding=&#8221;|2.5vw||2.5vw|false|true&#8221; custom_padding_tablet=&#8221;5vw|15vw||15vw|false|true&#8221; custom_padding_phone=&#8221;5vw|10vw||10vw|false|true&#8221; custom_padding_last_edited=&#8221;on|phone&#8221; global_colors_info=&#8221;{}&#8221;][\/et_pb_image][\/et_pb_column][\/et_pb_row][\/et_pb_section][et_pb_section fb_built=&#8221;1&#8243; module_id=&#8221;contact&#8221; _builder_version=&#8221;4.17.4&#8243; _module_preset=&#8221;default&#8221; use_background_color_gradient=&#8221;on&#8221; background_color_gradient_stops=&#8221;#0a1d85 0%|#001030 100%&#8221; background_color_gradient_start=&#8221;#0a1d85&#8243; background_color_gradient_end=&#8221;#001030&#8243; background_enable_image=&#8221;off&#8221; background_size=&#8221;contain&#8221; background_position=&#8221;bottom_center&#8221; background_vertical_offset=&#8221;-65%&#8221; custom_margin=&#8221;0px|0px|0px|0px|false|false&#8221; custom_padding=&#8221;0px|0px|0px|0px|false|false&#8221; global_module=&#8221;3536&#8243; locked=&#8221;off&#8221; global_colors_info=&#8221;{}&#8221;][et_pb_row use_custom_gutter=&#8221;on&#8221; make_equal=&#8221;on&#8221; custom_padding_last_edited=&#8221;on|tablet&#8221; _builder_version=&#8221;4.17.4&#8243; _module_preset=&#8221;default&#8221; width=&#8221;100%&#8221; max_width=&#8221;100%&#8221; custom_margin=&#8221;0px|0px|0px|0px|false|false&#8221; custom_padding=&#8221;5vw|15vw|2.5vw|15vw|false|true&#8221; custom_padding_tablet=&#8221;10vw|15vw|5vw|15vw|false|true&#8221; custom_padding_phone=&#8221;15vw||10vw||false|true&#8221; animation_style=&#8221;fade&#8221; global_colors_info=&#8221;{}&#8221;][et_pb_column type=&#8221;4_4&#8243; _builder_version=&#8221;4.16&#8243; _module_preset=&#8221;default&#8221; custom_css_main_element=&#8221;||display: flex;||flex-direction: column;||justify-content: center;&#8221; border_radii=&#8221;on|6px|6px|6px|6px&#8221; global_colors_info=&#8221;{}&#8221;][et_pb_text _builder_version=&#8221;4.18.0&#8243; _module_preset=&#8221;default&#8221; text_text_color=&#8221;#ffffff&#8221; text_font_size=&#8221;19px&#8221; text_line_height=&#8221;1.5em&#8221; header_text_color=&#8221;#ffffff&#8221; header_font_size=&#8221;50px&#8221; header_2_font=&#8221;||||||||&#8221; header_2_text_color=&#8221;#ffffff&#8221; header_2_font_size=&#8221;50px&#8221; header_3_text_color=&#8221;#ffffff&#8221; header_3_line_height=&#8221;1.3em&#8221; header_5_font=&#8221;|||on|||||&#8221; header_5_text_color=&#8221;#ffffff&#8221; header_5_font_size=&#8221;1.1vw&#8221; header_6_text_color=&#8221;#ffffff&#8221; header_6_font_size=&#8221;20px&#8221; header_6_line_height=&#8221;1.4em&#8221; text_orientation=&#8221;center&#8221; custom_margin=&#8221;0px|0px|0px|0px|false|false&#8221; custom_padding=&#8221;0px|0px|0px|0px|false|false&#8221; header_2_font_size_tablet=&#8221;50px&#8221; header_2_font_size_phone=&#8221;40px&#8221; header_2_font_size_last_edited=&#8221;on|phone&#8221; global_colors_info=&#8221;{}&#8221; link_letter_spacing__hover_enabled=&#8221;on|hover&#8221; link_letter_spacing__hover=&#8221;1px&#8221;]<\/p>\n<h2>Contact<\/h2>\n<p>Vous souhaitez nous rencontrer ?<br \/><a href=\"mailto:info@sineca.com\">info@sineca.com<\/a><\/p>\n<p>[\/et_pb_text][\/et_pb_column][\/et_pb_row][et_pb_row column_structure=&#8221;1_3,1_3,1_3&#8243; use_custom_gutter=&#8221;on&#8221; make_equal=&#8221;on&#8221; custom_padding_last_edited=&#8221;on|tablet&#8221; _builder_version=&#8221;4.17.4&#8243; _module_preset=&#8221;default&#8221; width=&#8221;100%&#8221; max_width=&#8221;100%&#8221; custom_margin=&#8221;0px|0px|0px|0px|false|false&#8221; custom_padding=&#8221;0px|15vw|5vw|15vw|false|true&#8221; custom_padding_tablet=&#8221;0px|7vw|5vw|7vw|false|true&#8221; custom_padding_phone=&#8221;||15vw||false|true&#8221; global_colors_info=&#8221;{}&#8221; custom_css_main_element_last_edited=&#8221;on|tablet&#8221; custom_css_main_element_tablet=&#8221;display:flex;||align-items:flex-start;&#8221; custom_css_main_element_phone=&#8221;display:block;&#8221;][et_pb_column type=&#8221;1_3&#8243; _builder_version=&#8221;4.17.4&#8243; _module_preset=&#8221;default&#8221; animation_style=&#8221;fade&#8221; animation_delay=&#8221;100ms&#8221; custom_css_main_element=&#8221;||display: flex;||flex-direction: column;||justify-content: center;&#8221; border_radii=&#8221;on|6px|6px|6px|6px&#8221; global_colors_info=&#8221;{}&#8221;][et_pb_image src=&#8221;https:\/\/sineca.com\/wp-content\/uploads\/2022\/06\/Sineca_Hexagone_Belgique-3.png&#8221; alt=&#8221;SINECA, Belgique&#8221; title_text=&#8221;SINECA, Belgique&#8221; align=&#8221;center&#8221; _builder_version=&#8221;4.18.0&#8243; _module_preset=&#8221;default&#8221; width=&#8221;45%&#8221; width_tablet=&#8221;65%&#8221; width_phone=&#8221;45%&#8221; width_last_edited=&#8221;on|tablet&#8221; custom_padding_tablet=&#8221;|2.5vw||2.5vw|false|true&#8221; custom_padding_phone=&#8221;|2.5vw||2.5vw|false|true&#8221; custom_padding_last_edited=&#8221;on|tablet&#8221; global_colors_info=&#8221;{}&#8221;][\/et_pb_image][et_pb_text _builder_version=&#8221;4.18.0&#8243; _module_preset=&#8221;default&#8221; text_text_color=&#8221;#ffffff&#8221; text_font_size=&#8221;16px&#8221; text_line_height=&#8221;1.5em&#8221; header_text_color=&#8221;#ffffff&#8221; header_font_size=&#8221;50px&#8221; header_2_font=&#8221;||||||||&#8221; header_2_text_color=&#8221;#ffffff&#8221; header_2_font_size=&#8221;50px&#8221; header_3_text_color=&#8221;#ffffff&#8221; header_3_line_height=&#8221;1.3em&#8221; header_4_font=&#8221;|||on|||||&#8221; header_4_text_color=&#8221;#ffffff&#8221; header_4_font_size=&#8221;20px&#8221; header_5_font=&#8221;|||on|||||&#8221; header_5_text_color=&#8221;#EDEDED&#8221; header_6_text_color=&#8221;#ffffff&#8221; header_6_font_size=&#8221;20px&#8221; header_6_line_height=&#8221;1.4em&#8221; text_orientation=&#8221;center&#8221; custom_padding_tablet=&#8221;|2.5vw||2.5vw|false|true&#8221; custom_padding_phone=&#8221;|2.5vw||2.5vw|false|true&#8221; custom_padding_last_edited=&#8221;on|tablet&#8221; locked=&#8221;off&#8221; global_colors_info=&#8221;{}&#8221; link_letter_spacing__hover_enabled=&#8221;on|desktop&#8221; link_letter_spacing__hover=&#8221;1px&#8221;]<\/p>\n<h4>Belgique<\/h4>\n<p>&nbsp;<\/p>\n<p><img src=\"\/wp-content\/uploads\/2022\/06\/espace-reserve.svg\" width=\"25\" style=\"margin-bottom: -7px; margin-right: 7px;\" \/>41\/1 Boulevard Fr\u00e8re-Orban<br \/><span style=\"color: #ffffff;\"><a href=\"https:\/\/goo.gl\/maps\/UHNBwBXX8aF1gbWM8\" target=\"_blank\" rel=\"noopener\" title=\"Belgique\" style=\"color: #ffffff;\">4000 Li\u00e8ge<\/a><\/span><\/p>\n<p><a href=\"tel:0032494695473\"><img src=\"\/wp-content\/uploads\/2022\/06\/telephone.svg\" width=\"25\" style=\"margin-bottom: -7px; margin-right: 7px;\" \/>+32 494 69 54 73<\/a><\/p>\n<p>[\/et_pb_text][\/et_pb_column][et_pb_column type=&#8221;1_3&#8243; _builder_version=&#8221;4.17.4&#8243; _module_preset=&#8221;default&#8221; custom_padding_tablet=&#8221;&#8221; custom_padding_phone=&#8221;&#8221; custom_padding_last_edited=&#8221;on|tablet&#8221; animation_style=&#8221;fade&#8221; animation_delay=&#8221;200ms&#8221; custom_css_main_element=&#8221;||display: flex;||flex-direction: column;||justify-content: center;&#8221; global_colors_info=&#8221;{}&#8221;][et_pb_image src=&#8221;https:\/\/sineca.com\/wp-content\/uploads\/2022\/06\/Sineca_Hexagone_France-2.png&#8221; alt=&#8221;SINECA, France&#8221; title_text=&#8221;SINECA, France&#8221; align=&#8221;center&#8221; _builder_version=&#8221;4.18.0&#8243; _module_preset=&#8221;default&#8221; width=&#8221;45%&#8221; width_tablet=&#8221;65%&#8221; width_phone=&#8221;45%&#8221; width_last_edited=&#8221;on|tablet&#8221; custom_padding_tablet=&#8221;|2.5vw||2.5vw|false|true&#8221; custom_padding_phone=&#8221;|2.5vw||2.5vw|false|true&#8221; custom_padding_last_edited=&#8221;on|tablet&#8221; global_colors_info=&#8221;{}&#8221;][\/et_pb_image][et_pb_text _builder_version=&#8221;4.18.0&#8243; _module_preset=&#8221;default&#8221; text_text_color=&#8221;#ffffff&#8221; text_font_size=&#8221;16px&#8221; text_line_height=&#8221;1.5em&#8221; header_text_color=&#8221;#ffffff&#8221; header_font_size=&#8221;50px&#8221; header_2_font=&#8221;||||||||&#8221; header_2_text_color=&#8221;#ffffff&#8221; header_2_font_size=&#8221;50px&#8221; header_3_text_color=&#8221;#ffffff&#8221; header_3_line_height=&#8221;1.3em&#8221; header_4_font=&#8221;|||on|||||&#8221; header_4_text_color=&#8221;#ffffff&#8221; header_4_font_size=&#8221;20px&#8221; header_5_font=&#8221;|||on|||||&#8221; header_5_text_color=&#8221;#EDEDED&#8221; header_6_text_color=&#8221;#ffffff&#8221; header_6_font_size=&#8221;20px&#8221; header_6_line_height=&#8221;1.4em&#8221; text_orientation=&#8221;center&#8221; custom_padding_tablet=&#8221;|2.5vw||2.5vw|false|true&#8221; custom_padding_phone=&#8221;|2.5vw||2.5vw|false|true&#8221; custom_padding_last_edited=&#8221;on|tablet&#8221; locked=&#8221;off&#8221; global_colors_info=&#8221;{}&#8221; link_letter_spacing__hover_enabled=&#8221;on|hover&#8221; link_letter_spacing__hover=&#8221;1px&#8221;]<\/p>\n<h4>FRANCE<\/h4>\n<p>&nbsp;<\/p>\n<p><img src=\"\/wp-content\/uploads\/2022\/06\/espace-reserve.svg\" width=\"25\" style=\"margin-bottom: -7px; margin-right: 7px;\" \/>31 All\u00e9e Lavoisier<br \/><span style=\"color: #ffffff;\"><a href=\"https:\/\/goo.gl\/maps\/LaNWeCJ9BkBW4Rq16\" target=\"_blank\" rel=\"noopener\" title=\"France\" style=\"color: #ffffff;\">59650 Villeneuve d&#8217;Ascq<\/a><\/span><\/p>\n<p><a href=\"tel:0033631517791\"><img src=\"\/wp-content\/uploads\/2022\/06\/telephone.svg\" width=\"25\" style=\"margin-bottom: -7px; margin-right: 7px;\" \/>+33 6 31 51 77 91<\/a><\/p>\n<p>[\/et_pb_text][\/et_pb_column][et_pb_column type=&#8221;1_3&#8243; _builder_version=&#8221;4.17.4&#8243; _module_preset=&#8221;default&#8221; animation_style=&#8221;fade&#8221; animation_delay=&#8221;300ms&#8221; custom_css_main_element=&#8221;||display: flex;||flex-direction: column;||justify-content: center;&#8221; global_colors_info=&#8221;{}&#8221;][et_pb_image src=&#8221;https:\/\/sineca.com\/wp-content\/uploads\/2022\/06\/Sineca_Hexagone_Luxembourg-2.png&#8221; alt=&#8221;SINECA, Luxembourg&#8221; title_text=&#8221;SINECA, Luxembourg&#8221; align=&#8221;center&#8221; _builder_version=&#8221;4.18.0&#8243; _module_preset=&#8221;default&#8221; width=&#8221;45%&#8221; width_tablet=&#8221;65%&#8221; width_phone=&#8221;45%&#8221; width_last_edited=&#8221;on|tablet&#8221; custom_padding_tablet=&#8221;|2.5vw||2.5vw|false|true&#8221; custom_padding_phone=&#8221;|2.5vw||2.5vw|false|true&#8221; custom_padding_last_edited=&#8221;on|tablet&#8221; global_colors_info=&#8221;{}&#8221;][\/et_pb_image][et_pb_text _builder_version=&#8221;4.18.0&#8243; _module_preset=&#8221;default&#8221; text_text_color=&#8221;#ffffff&#8221; text_font_size=&#8221;16px&#8221; text_line_height=&#8221;1.5em&#8221; header_text_color=&#8221;#ffffff&#8221; header_font_size=&#8221;50px&#8221; header_2_font=&#8221;||||||||&#8221; header_2_text_color=&#8221;#ffffff&#8221; header_2_font_size=&#8221;50px&#8221; header_3_text_color=&#8221;#ffffff&#8221; header_3_line_height=&#8221;1.3em&#8221; header_4_font=&#8221;|||on|||||&#8221; header_4_text_color=&#8221;#ffffff&#8221; header_4_font_size=&#8221;20px&#8221; header_5_font=&#8221;|||on|||||&#8221; header_5_text_color=&#8221;#EDEDED&#8221; header_6_text_color=&#8221;#ffffff&#8221; header_6_font_size=&#8221;20px&#8221; header_6_line_height=&#8221;1.4em&#8221; text_orientation=&#8221;center&#8221; custom_margin=&#8221;0px|0px|0px|0px|false|false&#8221; custom_padding=&#8221;0px|0px|0px|0px|false|false&#8221; custom_padding_tablet=&#8221;0px|2.5vw|0px|2.5vw|false|false&#8221; custom_padding_phone=&#8221;0px|2.5vw|0px|2.5vw|false|false&#8221; custom_padding_last_edited=&#8221;on|tablet&#8221; global_colors_info=&#8221;{}&#8221; link_letter_spacing__hover_enabled=&#8221;on|desktop&#8221; link_letter_spacing__hover=&#8221;1px&#8221;]<\/p>\n<h4>Luxembourg<\/h4>\n<p>&nbsp;<\/p>\n<p><img src=\"\/wp-content\/uploads\/2022\/06\/espace-reserve.svg\" width=\"25\" style=\"margin-bottom: -7px; margin-right: 7px;\" \/>22 rue du 31 Ao\u00fbt 1942<br \/><span style=\"color: #ffffff;\"><a href=\"https:\/\/goo.gl\/maps\/KLd9DnnGmbZ1QVgh8\" target=\"_blank\" rel=\"noopener\" title=\"Luxembourg\" style=\"color: #ffffff;\">9516 Wiltz<\/a><\/span><\/p>\n<p><a href=\"tel:00352621593763\"><img src=\"\/wp-content\/uploads\/2022\/06\/telephone.svg\" width=\"25\" style=\"margin-bottom: -7px; margin-right: 7px;\" \/>+352 621 593 763<\/a><\/p>\n<p>[\/et_pb_text][\/et_pb_column][\/et_pb_row][\/et_pb_section]<\/p>\n","protected":false},"excerpt":{"rendered":"<p>NOS SERVICES Nous offrons aux clients industriels un panel de services pouvant se combiner selon vos besoins. Notre processus interne de gestion des projets et de la consultance offre la possibilit\u00e9 \u00e0 nos collaborateurs de v\u00e9rifier la qualit\u00e9 de ce que nous produisons : du document technique \u00e0 la solution logicielle. Consultance Nous mettons \u00e0 [&hellip;]<\/p>\n","protected":false},"author":1,"featured_media":0,"parent":0,"menu_order":0,"comment_status":"closed","ping_status":"closed","template":"","meta":{"_et_pb_use_builder":"on","_et_pb_old_content":"<!-- wp:divi\/placeholder \/-->","_et_gb_content_width":""},"_links":{"self":[{"href":"https:\/\/sineca.com\/fr\/wp-json\/wp\/v2\/pages\/1141"}],"collection":[{"href":"https:\/\/sineca.com\/fr\/wp-json\/wp\/v2\/pages"}],"about":[{"href":"https:\/\/sineca.com\/fr\/wp-json\/wp\/v2\/types\/page"}],"author":[{"embeddable":true,"href":"https:\/\/sineca.com\/fr\/wp-json\/wp\/v2\/users\/1"}],"replies":[{"embeddable":true,"href":"https:\/\/sineca.com\/fr\/wp-json\/wp\/v2\/comments?post=1141"}],"version-history":[{"count":25,"href":"https:\/\/sineca.com\/fr\/wp-json\/wp\/v2\/pages\/1141\/revisions"}],"predecessor-version":[{"id":3701,"href":"https:\/\/sineca.com\/fr\/wp-json\/wp\/v2\/pages\/1141\/revisions\/3701"}],"wp:attachment":[{"href":"https:\/\/sineca.com\/fr\/wp-json\/wp\/v2\/media?parent=1141"}],"curies":[{"name":"wp","href":"https:\/\/api.w.org\/{rel}","templated":true}]}}