{"id":1152,"date":"2022-08-01T13:54:12","date_gmt":"2022-08-01T11:54:12","guid":{"rendered":"https:\/\/sineca.com\/?page_id=1152"},"modified":"2023-03-02T16:44:00","modified_gmt":"2023-03-02T15:44:00","slug":"notre-methodologie","status":"publish","type":"page","link":"https:\/\/sineca.com\/fr\/notre-methodologie\/","title":{"rendered":"[Client] SINECA, notre m\u00e9thodologie"},"content":{"rendered":"<p>[et_pb_section fb_built=&#8221;1&#8243; custom_padding_last_edited=&#8221;on|tablet&#8221; module_id=&#8221;next&#8221; _builder_version=&#8221;4.17.6&#8243; _module_preset=&#8221;default&#8221; custom_margin=&#8221;0px|0px|0px|0px|false|false&#8221; custom_padding=&#8221;7vw|0px|7vw|0px|false|false&#8221; custom_padding_tablet=&#8221;0vw|0px|10vw|0px|false|false&#8221; custom_padding_phone=&#8221;7.5vw||15vw||false|false&#8221; locked=&#8221;off&#8221; global_colors_info=&#8221;{}&#8221;][et_pb_row column_structure=&#8221;3_5,2_5&#8243; use_custom_gutter=&#8221;on&#8221; make_equal=&#8221;on&#8221; custom_padding_last_edited=&#8221;on|tablet&#8221; _builder_version=&#8221;4.17.6&#8243; _module_preset=&#8221;default&#8221; width=&#8221;100%&#8221; max_width=&#8221;100%&#8221; custom_margin=&#8221;0px|0px|0px|0px|false|false&#8221; custom_padding=&#8221;0px|15vw|0px|15vw|false|true&#8221; custom_padding_tablet=&#8221;|5vw||5vw|false|true&#8221; custom_padding_phone=&#8221;|2.5vw||2.5vw|false|true&#8221; animation_style=&#8221;fade&#8221; global_colors_info=&#8221;{}&#8221;][et_pb_column type=&#8221;3_5&#8243; _builder_version=&#8221;4.17.6&#8243; _module_preset=&#8221;default&#8221; custom_css_main_element=&#8221;display: flex;||flex-direction: column;||justify-content: center;&#8221; global_colors_info=&#8221;{}&#8221;][et_pb_text content_tablet=&#8221;<\/p>\n<h1 style=%22margin-top:0vw; margin-bottom:0.5vw;%22>LE GROUPE<\/h1>\n<p><strong>La soci\u00e9t\u00e9 SINECA a \u00e9t\u00e9 fond\u00e9e en ao\u00fbt 2019 par 3 ing\u00e9nieurs automaticiens dans le but de vous fournir des projets et des services en :<\/strong><\/p>\n<ul>\n<li>Automatisation ;<\/li>\n<li>Informatique industrielle  ;<\/li>\n<li>IoT.<\/li>\n<\/ul>\n<p>Notre croissance continue nous permet aujourd\u2019hui de vous proposer des solutions industrielles en mati\u00e8re de MES et de Robotique.<\/p>\n<p>Nous avons cr\u00e9\u00e9 SINECA dans l\u2019objectif de nous recentrer sur notre m\u00e9tier et d\u2019\u00eatre \u00e0 l\u2019\u00e9coute du client. Notre expertise, ainsi que celle de nos collaborateurs, nous permet de r\u00e9pondre \u00e0 vos besoins en terme d\u2019automation.<\/p>\n<p>Notre volont\u00e9 est de poursuivre notre croissance tout en restant une soci\u00e9t\u00e9 \u00e0 taille humaine. Nous souhaitons continuer \u00e0 vous fournir la bonne solution, tout en conservant votre confiance ou en la gagnant.<\/p>\n<p>Aujourd\u2019hui nous comptons 15 collaborateurs aux profils et comp\u00e9tences vari\u00e9s, motiv\u00e9s et pr\u00eats \u00e0 r\u00e9pondre \u00e0 votre prochain challenge.<\/p>\n<p>&#8221; content_phone=&#8221;<\/p>\n<h1 style=%22margin-top:0vw; margin-bottom:0.5vw;%22>LE<br \/>GROUPE<\/h1>\n<p><strong>La soci\u00e9t\u00e9 SINECA a \u00e9t\u00e9 fond\u00e9e en ao\u00fbt 2019 par 3 ing\u00e9nieurs automaticiens dans le but de vous fournir des projets et des services en :<\/strong><\/p>\n<ul>\n<li>Automatisation ;<\/li>\n<li>Informatique industrielle  ;<\/li>\n<li>IoT.<\/li>\n<\/ul>\n<p>Notre croissance continue nous permet aujourd\u2019hui de vous proposer des solutions industrielles en mati\u00e8re de MES et de Robotique.<\/p>\n<p>Nous avons cr\u00e9\u00e9 SINECA dans l\u2019objectif de nous recentrer sur notre m\u00e9tier et d\u2019\u00eatre \u00e0 l\u2019\u00e9coute du client. Notre expertise, ainsi que celle de nos collaborateurs, nous permet de r\u00e9pondre \u00e0 vos besoins en terme d\u2019automation.<\/p>\n<p>Notre volont\u00e9 est de poursuivre notre croissance tout en restant une soci\u00e9t\u00e9 \u00e0 taille humaine. Nous souhaitons continuer \u00e0 vous fournir la bonne solution, tout en conservant votre confiance ou en la gagnant.<\/p>\n<p>Aujourd\u2019hui nous comptons 15 collaborateurs aux profils et comp\u00e9tences vari\u00e9s, motiv\u00e9s et pr\u00eats \u00e0 r\u00e9pondre \u00e0 votre prochain challenge.<\/p>\n<p>&#8221; content_last_edited=&#8221;off|desktop&#8221; _builder_version=&#8221;4.18.0&#8243; _module_preset=&#8221;default&#8221; text_text_color=&#8221;#000000&#8243; text_font_size=&#8221;18px&#8221; text_line_height=&#8221;1.5em&#8221; link_text_color=&#8221;#49A5DF&#8221; header_font=&#8221;|||on|||||&#8221; header_text_color=&#8221;#000000&#8243; header_font_size=&#8221;50px&#8221; header_2_font=&#8221;||||||||&#8221; header_2_text_color=&#8221;#000000&#8243; header_2_font_size=&#8221;50px&#8221; header_3_font=&#8221;|||on|||||&#8221; header_3_text_color=&#8221;#0A1D85&#8243; header_3_font_size=&#8221;25px&#8221; header_5_font=&#8221;|||on|||||&#8221; header_5_text_color=&#8221;#0A1D85&#8243; header_5_font_size=&#8221;1.1vw&#8221; header_6_text_color=&#8221;#ffffff&#8221; header_6_font_size=&#8221;20px&#8221; header_6_line_height=&#8221;1.4em&#8221; custom_margin=&#8221;0px|0px|0px|0px|false|false&#8221; custom_padding=&#8221;0px|0px|0px|0px|false|false&#8221; custom_padding_tablet=&#8221;10vw|5vw|0px|5vw|false|false&#8221; custom_padding_phone=&#8221;10vw|5vw|0px|5vw|false|false&#8221; custom_padding_last_edited=&#8221;on|tablet&#8221; animation_style=&#8221;fade&#8221; hover_enabled=&#8221;0&#8243; link_text_color_last_edited=&#8221;off|desktop&#8221; header_font_size_tablet=&#8221;50px&#8221; header_font_size_phone=&#8221;35px&#8221; header_font_size_last_edited=&#8221;on|phone&#8221; header_2_font_size_tablet=&#8221;50px&#8221; header_2_font_size_phone=&#8221;40px&#8221; header_2_font_size_last_edited=&#8221;on|phone&#8221; header_5_font_size_tablet=&#8221;2.5vw&#8221; header_5_font_size_phone=&#8221;3.5vw&#8221; header_5_font_size_last_edited=&#8221;on|tablet&#8221; global_colors_info=&#8221;{}&#8221; link_text_color__hover_enabled=&#8221;on|hover&#8221; link_text_color__hover=&#8221;#87C0E8&#8243; sticky_enabled=&#8221;0&#8243;]<\/p>\n<h1 style=\"margin-top: 0vw; margin-bottom: 0.5vw;\">NOTRE m\u00e9thodologie<\/h1>\n<p><strong>Pour r\u00e9aliser votre projet industriel, nous passons par plusieurs \u00e9tapes types qui compose notre m\u00e9thodologie :<\/strong><\/p>\n<h3>1. Analyse client \u2013 pr\u00e9 \u00e9tude<\/h3>\n<p>La phase d\u2019analyse est n\u00e9cessaire pour que nous puissions \u00e9couter vos besoins, comprendre comment vous travaillez, etc. Cette \u00e9tape nous permet de formaliser le d\u00e9marrage du projet en d\u00e9limitant le cadre et en \u00e9valuant la faisabilit\u00e9 du projet.<\/p>\n<p>A l&#8217;issue de cette phase, nous vous remettons une offre de prix.<\/p>\n<h3>2. \u00e9tude et documentation<\/h3>\n<p>Apr\u00e8s avoir d\u00e9limit\u00e9 les contours de votre projet, nous vous remettons un document reprenant toutes les informations dont vous avez besoin. Cette analyse fonctionnelle d\u00e9crit en d\u00e9tail la fa\u00e7on dont nous allons r\u00e9aliser votre projet.<\/p>\n<p>Il comprend, notamment, une description des objectifs, une proposition compl\u00e8te (strat\u00e9gie d\u2019ex\u00e9cution et m\u00e9thodologie) ainsi que les solutions.<\/p>\n<h3>3. Programmation<\/h3>\n<p>Une fois l\u2019analyse fonctionnelle valid\u00e9e, nous r\u00e9alisons la programmation des syst\u00e8mes en fonction de ce qui a \u00e9t\u00e9 d\u00e9crit pr\u00e9c\u00e9demment.<\/p>\n<h3>4. FAT<\/h3>\n<p>Lorsque les premiers essais r\u00e9alis\u00e9s pendant la phase de programmation sont suffisamment convaincants, nous les validons par le biais d\u2019une s\u00e9ance de Factory Acceptance Test (FAT).<\/p>\n<p>Nous simulons le fonctionnement compar\u00e9 avec l\u2019analyse fonctionnelle et nous adaptons les diff\u00e9rentes demandes. Une fois les tests effectu\u00e9s de notre c\u00f4t\u00e9 et si ceux-ci sont valid\u00e9s, nous pouvons passer \u00e0 l&#8217;\u00e9tape suivante.<\/p>\n<h3>5. SAT et mise en service<\/h3>\n<p>Nous mettons le projet en service chez vous. Une fois que l\u2019installation est effectu\u00e9e, nous r\u00e9alisons une deuxi\u00e8me phase de tests, en condition r\u00e9elle.<\/p>\n<h3>6. Suivi et maintenance<\/h3>\n<p>Nous sommes \u00e9galement pr\u00e9sents lorsque la mise en service est termin\u00e9e. Nous assurons le suivi et la maintenance des installations programm\u00e9es chez vous. Cette phase nous permet aussi d\u2019effectuer les diff\u00e9rentes am\u00e9liorations afin que le rendu final soit de qualit\u00e9.<\/p>\n<p><strong>Ces \u00e9tapes peuvent \u00eatre toutes effectu\u00e9es par nos collaborateurs mais vous pouvez \u00e9galement nous fournir les premiers \u00e9l\u00e9ments si vous en disposez. Nous nous adaptons \u00e0 votre r\u00e9alit\u00e9 et votre expertise afin de mener \u00e0 bien votre projet.<\/strong><\/p>\n<p><a href=\"https:\/\/sineca.com\/fr\/contactez-nous\/\" title=\"Contactez nous \"><strong>Notre mani\u00e8re de travailler vous correspond ? Contactez nous pour une future collaboration<\/strong><\/a><\/p>\n<p>[\/et_pb_text][\/et_pb_column][et_pb_column type=&#8221;2_5&#8243; _builder_version=&#8221;4.17.6&#8243; _module_preset=&#8221;default&#8221; background_color=&#8221;RGBA(255,255,255,0)&#8221; custom_css_main_element=&#8221;display: flex;||flex-direction: column;||justify-content: center;&#8221; border_radii_phone=&#8221;on|4vw|4vw|4vw|4vw&#8221; border_radii_last_edited=&#8221;off|desktop&#8221; global_colors_info=&#8221;{}&#8221;][et_pb_image src=&#8221;https:\/\/sineca.com\/wp-content\/uploads\/2022\/08\/Sineca_Notre_Methodologie_Plan-de-travail-1-copie.svg&#8221; alt=&#8221;SINECA, notre m\u00e9thodologie&#8221; title_text=&#8221;SINECA, notre m\u00e9thodologie&#8221; _builder_version=&#8221;4.18.0&#8243; _module_preset=&#8221;default&#8221; width=&#8221;100%&#8221; custom_padding=&#8221;0px|2.5vw|0px|2.5vw|true|true&#8221; global_colors_info=&#8221;{}&#8221;][\/et_pb_image][\/et_pb_column][\/et_pb_row][\/et_pb_section][et_pb_section fb_built=&#8221;1&#8243; module_id=&#8221;contact&#8221; _builder_version=&#8221;4.17.4&#8243; _module_preset=&#8221;default&#8221; use_background_color_gradient=&#8221;on&#8221; background_color_gradient_stops=&#8221;#0a1d85 0%|#001030 100%&#8221; background_color_gradient_start=&#8221;#0a1d85&#8243; background_color_gradient_end=&#8221;#001030&#8243; background_enable_image=&#8221;off&#8221; background_size=&#8221;contain&#8221; background_position=&#8221;bottom_center&#8221; background_vertical_offset=&#8221;-65%&#8221; custom_margin=&#8221;0px|0px|0px|0px|false|false&#8221; custom_padding=&#8221;0px|0px|0px|0px|false|false&#8221; global_module=&#8221;3536&#8243; locked=&#8221;off&#8221; global_colors_info=&#8221;{}&#8221;][et_pb_row use_custom_gutter=&#8221;on&#8221; make_equal=&#8221;on&#8221; custom_padding_last_edited=&#8221;on|tablet&#8221; _builder_version=&#8221;4.17.4&#8243; _module_preset=&#8221;default&#8221; width=&#8221;100%&#8221; max_width=&#8221;100%&#8221; custom_margin=&#8221;0px|0px|0px|0px|false|false&#8221; custom_padding=&#8221;5vw|15vw|2.5vw|15vw|false|true&#8221; custom_padding_tablet=&#8221;10vw|15vw|5vw|15vw|false|true&#8221; custom_padding_phone=&#8221;15vw||10vw||false|true&#8221; animation_style=&#8221;fade&#8221; global_colors_info=&#8221;{}&#8221;][et_pb_column type=&#8221;4_4&#8243; _builder_version=&#8221;4.16&#8243; _module_preset=&#8221;default&#8221; custom_css_main_element=&#8221;||display: flex;||flex-direction: column;||justify-content: center;&#8221; border_radii=&#8221;on|6px|6px|6px|6px&#8221; global_colors_info=&#8221;{}&#8221;][et_pb_text _builder_version=&#8221;4.18.0&#8243; _module_preset=&#8221;default&#8221; text_text_color=&#8221;#ffffff&#8221; text_font_size=&#8221;19px&#8221; text_line_height=&#8221;1.5em&#8221; header_text_color=&#8221;#ffffff&#8221; header_font_size=&#8221;50px&#8221; header_2_font=&#8221;||||||||&#8221; header_2_text_color=&#8221;#ffffff&#8221; header_2_font_size=&#8221;50px&#8221; header_3_text_color=&#8221;#ffffff&#8221; header_3_line_height=&#8221;1.3em&#8221; header_5_font=&#8221;|||on|||||&#8221; header_5_text_color=&#8221;#ffffff&#8221; header_5_font_size=&#8221;1.1vw&#8221; header_6_text_color=&#8221;#ffffff&#8221; header_6_font_size=&#8221;20px&#8221; header_6_line_height=&#8221;1.4em&#8221; text_orientation=&#8221;center&#8221; custom_margin=&#8221;0px|0px|0px|0px|false|false&#8221; custom_padding=&#8221;0px|0px|0px|0px|false|false&#8221; header_2_font_size_tablet=&#8221;50px&#8221; header_2_font_size_phone=&#8221;40px&#8221; header_2_font_size_last_edited=&#8221;on|phone&#8221; global_colors_info=&#8221;{}&#8221; link_letter_spacing__hover_enabled=&#8221;on|hover&#8221; link_letter_spacing__hover=&#8221;1px&#8221;]<\/p>\n<h2>Contact<\/h2>\n<p>Vous souhaitez nous rencontrer ?<br \/><a href=\"mailto:info@sineca.com\">info@sineca.com<\/a><\/p>\n<p>[\/et_pb_text][\/et_pb_column][\/et_pb_row][et_pb_row column_structure=&#8221;1_3,1_3,1_3&#8243; use_custom_gutter=&#8221;on&#8221; make_equal=&#8221;on&#8221; custom_padding_last_edited=&#8221;on|tablet&#8221; _builder_version=&#8221;4.17.4&#8243; _module_preset=&#8221;default&#8221; width=&#8221;100%&#8221; max_width=&#8221;100%&#8221; custom_margin=&#8221;0px|0px|0px|0px|false|false&#8221; custom_padding=&#8221;0px|15vw|5vw|15vw|false|true&#8221; custom_padding_tablet=&#8221;0px|7vw|5vw|7vw|false|true&#8221; custom_padding_phone=&#8221;||15vw||false|true&#8221; global_colors_info=&#8221;{}&#8221; custom_css_main_element_last_edited=&#8221;on|tablet&#8221; custom_css_main_element_tablet=&#8221;display:flex;||align-items:flex-start;&#8221; custom_css_main_element_phone=&#8221;display:block;&#8221;][et_pb_column type=&#8221;1_3&#8243; _builder_version=&#8221;4.17.4&#8243; _module_preset=&#8221;default&#8221; animation_style=&#8221;fade&#8221; animation_delay=&#8221;100ms&#8221; custom_css_main_element=&#8221;||display: flex;||flex-direction: column;||justify-content: center;&#8221; border_radii=&#8221;on|6px|6px|6px|6px&#8221; global_colors_info=&#8221;{}&#8221;][et_pb_image src=&#8221;https:\/\/sineca.com\/wp-content\/uploads\/2022\/06\/Sineca_Hexagone_Belgique-3.png&#8221; alt=&#8221;SINECA, Belgique&#8221; title_text=&#8221;SINECA, Belgique&#8221; align=&#8221;center&#8221; _builder_version=&#8221;4.18.0&#8243; _module_preset=&#8221;default&#8221; width=&#8221;45%&#8221; width_tablet=&#8221;65%&#8221; width_phone=&#8221;45%&#8221; width_last_edited=&#8221;on|tablet&#8221; custom_padding_tablet=&#8221;|2.5vw||2.5vw|false|true&#8221; custom_padding_phone=&#8221;|2.5vw||2.5vw|false|true&#8221; custom_padding_last_edited=&#8221;on|tablet&#8221; global_colors_info=&#8221;{}&#8221;][\/et_pb_image][et_pb_text _builder_version=&#8221;4.18.0&#8243; _module_preset=&#8221;default&#8221; text_text_color=&#8221;#ffffff&#8221; text_font_size=&#8221;16px&#8221; text_line_height=&#8221;1.5em&#8221; header_text_color=&#8221;#ffffff&#8221; header_font_size=&#8221;50px&#8221; header_2_font=&#8221;||||||||&#8221; header_2_text_color=&#8221;#ffffff&#8221; header_2_font_size=&#8221;50px&#8221; header_3_text_color=&#8221;#ffffff&#8221; header_3_line_height=&#8221;1.3em&#8221; header_4_font=&#8221;|||on|||||&#8221; header_4_text_color=&#8221;#ffffff&#8221; header_4_font_size=&#8221;20px&#8221; header_5_font=&#8221;|||on|||||&#8221; header_5_text_color=&#8221;#EDEDED&#8221; header_6_text_color=&#8221;#ffffff&#8221; header_6_font_size=&#8221;20px&#8221; header_6_line_height=&#8221;1.4em&#8221; text_orientation=&#8221;center&#8221; custom_padding_tablet=&#8221;|2.5vw||2.5vw|false|true&#8221; custom_padding_phone=&#8221;|2.5vw||2.5vw|false|true&#8221; custom_padding_last_edited=&#8221;on|tablet&#8221; locked=&#8221;off&#8221; global_colors_info=&#8221;{}&#8221; link_letter_spacing__hover_enabled=&#8221;on|desktop&#8221; link_letter_spacing__hover=&#8221;1px&#8221;]<\/p>\n<h4>Belgique<\/h4>\n<p>&nbsp;<\/p>\n<p><img src=\"\/wp-content\/uploads\/2022\/06\/espace-reserve.svg\" width=\"25\" style=\"margin-bottom: -7px; margin-right: 7px;\" \/>41\/1 Boulevard Fr\u00e8re-Orban<br \/><span style=\"color: #ffffff;\"><a href=\"https:\/\/goo.gl\/maps\/UHNBwBXX8aF1gbWM8\" target=\"_blank\" rel=\"noopener\" title=\"Belgique\" style=\"color: #ffffff;\">4000 Li\u00e8ge<\/a><\/span><\/p>\n<p><a href=\"tel:0032494695473\"><img src=\"\/wp-content\/uploads\/2022\/06\/telephone.svg\" width=\"25\" style=\"margin-bottom: -7px; margin-right: 7px;\" \/>+32 494 69 54 73<\/a><\/p>\n<p>[\/et_pb_text][\/et_pb_column][et_pb_column type=&#8221;1_3&#8243; _builder_version=&#8221;4.17.4&#8243; _module_preset=&#8221;default&#8221; custom_padding_tablet=&#8221;&#8221; custom_padding_phone=&#8221;&#8221; custom_padding_last_edited=&#8221;on|tablet&#8221; animation_style=&#8221;fade&#8221; animation_delay=&#8221;200ms&#8221; custom_css_main_element=&#8221;||display: flex;||flex-direction: column;||justify-content: center;&#8221; global_colors_info=&#8221;{}&#8221;][et_pb_image src=&#8221;https:\/\/sineca.com\/wp-content\/uploads\/2022\/06\/Sineca_Hexagone_France-2.png&#8221; alt=&#8221;SINECA, France&#8221; title_text=&#8221;SINECA, France&#8221; align=&#8221;center&#8221; _builder_version=&#8221;4.18.0&#8243; _module_preset=&#8221;default&#8221; width=&#8221;45%&#8221; width_tablet=&#8221;65%&#8221; width_phone=&#8221;45%&#8221; width_last_edited=&#8221;on|tablet&#8221; custom_padding_tablet=&#8221;|2.5vw||2.5vw|false|true&#8221; custom_padding_phone=&#8221;|2.5vw||2.5vw|false|true&#8221; custom_padding_last_edited=&#8221;on|tablet&#8221; global_colors_info=&#8221;{}&#8221;][\/et_pb_image][et_pb_text _builder_version=&#8221;4.18.0&#8243; _module_preset=&#8221;default&#8221; text_text_color=&#8221;#ffffff&#8221; text_font_size=&#8221;16px&#8221; text_line_height=&#8221;1.5em&#8221; header_text_color=&#8221;#ffffff&#8221; header_font_size=&#8221;50px&#8221; header_2_font=&#8221;||||||||&#8221; header_2_text_color=&#8221;#ffffff&#8221; header_2_font_size=&#8221;50px&#8221; header_3_text_color=&#8221;#ffffff&#8221; header_3_line_height=&#8221;1.3em&#8221; header_4_font=&#8221;|||on|||||&#8221; header_4_text_color=&#8221;#ffffff&#8221; header_4_font_size=&#8221;20px&#8221; header_5_font=&#8221;|||on|||||&#8221; header_5_text_color=&#8221;#EDEDED&#8221; header_6_text_color=&#8221;#ffffff&#8221; header_6_font_size=&#8221;20px&#8221; header_6_line_height=&#8221;1.4em&#8221; text_orientation=&#8221;center&#8221; custom_padding_tablet=&#8221;|2.5vw||2.5vw|false|true&#8221; custom_padding_phone=&#8221;|2.5vw||2.5vw|false|true&#8221; custom_padding_last_edited=&#8221;on|tablet&#8221; locked=&#8221;off&#8221; global_colors_info=&#8221;{}&#8221; link_letter_spacing__hover_enabled=&#8221;on|hover&#8221; link_letter_spacing__hover=&#8221;1px&#8221;]<\/p>\n<h4>FRANCE<\/h4>\n<p>&nbsp;<\/p>\n<p><img src=\"\/wp-content\/uploads\/2022\/06\/espace-reserve.svg\" width=\"25\" style=\"margin-bottom: -7px; margin-right: 7px;\" \/>31 All\u00e9e Lavoisier<br \/><span style=\"color: #ffffff;\"><a href=\"https:\/\/goo.gl\/maps\/LaNWeCJ9BkBW4Rq16\" target=\"_blank\" rel=\"noopener\" title=\"France\" style=\"color: #ffffff;\">59650 Villeneuve d&#8217;Ascq<\/a><\/span><\/p>\n<p><a href=\"tel:0033631517791\"><img src=\"\/wp-content\/uploads\/2022\/06\/telephone.svg\" width=\"25\" style=\"margin-bottom: -7px; margin-right: 7px;\" \/>+33 6 31 51 77 91<\/a><\/p>\n<p>[\/et_pb_text][\/et_pb_column][et_pb_column type=&#8221;1_3&#8243; _builder_version=&#8221;4.17.4&#8243; _module_preset=&#8221;default&#8221; animation_style=&#8221;fade&#8221; animation_delay=&#8221;300ms&#8221; custom_css_main_element=&#8221;||display: flex;||flex-direction: column;||justify-content: center;&#8221; global_colors_info=&#8221;{}&#8221;][et_pb_image src=&#8221;https:\/\/sineca.com\/wp-content\/uploads\/2022\/06\/Sineca_Hexagone_Luxembourg-2.png&#8221; alt=&#8221;SINECA, Luxembourg&#8221; title_text=&#8221;SINECA, Luxembourg&#8221; align=&#8221;center&#8221; _builder_version=&#8221;4.18.0&#8243; _module_preset=&#8221;default&#8221; width=&#8221;45%&#8221; width_tablet=&#8221;65%&#8221; width_phone=&#8221;45%&#8221; width_last_edited=&#8221;on|tablet&#8221; custom_padding_tablet=&#8221;|2.5vw||2.5vw|false|true&#8221; custom_padding_phone=&#8221;|2.5vw||2.5vw|false|true&#8221; custom_padding_last_edited=&#8221;on|tablet&#8221; global_colors_info=&#8221;{}&#8221;][\/et_pb_image][et_pb_text _builder_version=&#8221;4.18.0&#8243; _module_preset=&#8221;default&#8221; text_text_color=&#8221;#ffffff&#8221; text_font_size=&#8221;16px&#8221; text_line_height=&#8221;1.5em&#8221; header_text_color=&#8221;#ffffff&#8221; header_font_size=&#8221;50px&#8221; header_2_font=&#8221;||||||||&#8221; header_2_text_color=&#8221;#ffffff&#8221; header_2_font_size=&#8221;50px&#8221; header_3_text_color=&#8221;#ffffff&#8221; header_3_line_height=&#8221;1.3em&#8221; header_4_font=&#8221;|||on|||||&#8221; header_4_text_color=&#8221;#ffffff&#8221; header_4_font_size=&#8221;20px&#8221; header_5_font=&#8221;|||on|||||&#8221; header_5_text_color=&#8221;#EDEDED&#8221; header_6_text_color=&#8221;#ffffff&#8221; header_6_font_size=&#8221;20px&#8221; header_6_line_height=&#8221;1.4em&#8221; text_orientation=&#8221;center&#8221; custom_margin=&#8221;0px|0px|0px|0px|false|false&#8221; custom_padding=&#8221;0px|0px|0px|0px|false|false&#8221; custom_padding_tablet=&#8221;0px|2.5vw|0px|2.5vw|false|false&#8221; custom_padding_phone=&#8221;0px|2.5vw|0px|2.5vw|false|false&#8221; custom_padding_last_edited=&#8221;on|tablet&#8221; global_colors_info=&#8221;{}&#8221; link_letter_spacing__hover_enabled=&#8221;on|desktop&#8221; link_letter_spacing__hover=&#8221;1px&#8221;]<\/p>\n<h4>Luxembourg<\/h4>\n<p>&nbsp;<\/p>\n<p><img src=\"\/wp-content\/uploads\/2022\/06\/espace-reserve.svg\" width=\"25\" style=\"margin-bottom: -7px; margin-right: 7px;\" \/>22 rue du 31 Ao\u00fbt 1942<br \/><span style=\"color: #ffffff;\"><a href=\"https:\/\/goo.gl\/maps\/KLd9DnnGmbZ1QVgh8\" target=\"_blank\" rel=\"noopener\" title=\"Luxembourg\" style=\"color: #ffffff;\">9516 Wiltz<\/a><\/span><\/p>\n<p><a href=\"tel:00352621593763\"><img src=\"\/wp-content\/uploads\/2022\/06\/telephone.svg\" width=\"25\" style=\"margin-bottom: -7px; margin-right: 7px;\" \/>+352 621 593 763<\/a><\/p>\n<p>[\/et_pb_text][\/et_pb_column][\/et_pb_row][\/et_pb_section]<\/p>\n","protected":false},"excerpt":{"rendered":"<p>NOTRE m\u00e9thodologie Pour r\u00e9aliser votre projet industriel, nous passons par plusieurs \u00e9tapes types qui compose notre m\u00e9thodologie : 1. Analyse client \u2013 pr\u00e9 \u00e9tude La phase d\u2019analyse est n\u00e9cessaire pour que nous puissions \u00e9couter vos besoins, comprendre comment vous travaillez, etc. Cette \u00e9tape nous permet de formaliser le d\u00e9marrage du projet en d\u00e9limitant le cadre [&hellip;]<\/p>\n","protected":false},"author":1,"featured_media":0,"parent":0,"menu_order":0,"comment_status":"closed","ping_status":"closed","template":"","meta":{"_et_pb_use_builder":"on","_et_pb_old_content":"<!-- wp:divi\/placeholder \/-->","_et_gb_content_width":""},"_links":{"self":[{"href":"https:\/\/sineca.com\/fr\/wp-json\/wp\/v2\/pages\/1152"}],"collection":[{"href":"https:\/\/sineca.com\/fr\/wp-json\/wp\/v2\/pages"}],"about":[{"href":"https:\/\/sineca.com\/fr\/wp-json\/wp\/v2\/types\/page"}],"author":[{"embeddable":true,"href":"https:\/\/sineca.com\/fr\/wp-json\/wp\/v2\/users\/1"}],"replies":[{"embeddable":true,"href":"https:\/\/sineca.com\/fr\/wp-json\/wp\/v2\/comments?post=1152"}],"version-history":[{"count":19,"href":"https:\/\/sineca.com\/fr\/wp-json\/wp\/v2\/pages\/1152\/revisions"}],"predecessor-version":[{"id":3700,"href":"https:\/\/sineca.com\/fr\/wp-json\/wp\/v2\/pages\/1152\/revisions\/3700"}],"wp:attachment":[{"href":"https:\/\/sineca.com\/fr\/wp-json\/wp\/v2\/media?parent=1152"}],"curies":[{"name":"wp","href":"https:\/\/api.w.org\/{rel}","templated":true}]}}